{"id":18,"date":"2020-06-10T09:19:28","date_gmt":"2020-06-10T07:19:28","guid":{"rendered":"https:\/\/balticseaside.com\/?page_id=18"},"modified":"2023-01-11T09:19:22","modified_gmt":"2023-01-11T08:19:22","slug":"o-nas","status":"publish","type":"page","link":"https:\/\/balticseaside.com\/de\/","title":{"rendered":"O nas"},"content":{"rendered":"<section id=\"top\" class=\"oxy-video-background ct-section\" ><div class='oxy-video-container'><video autoplay loop playsinline muted><source src='https:\/\/balticseaside.com\/wp-content\/uploads\/2020\/11\/background-video.mp4'><\/video><div class='oxy-video-overlay'><\/div><\/div><div class=\"ct-section-inner-wrap\"><div id=\"code_block-21-18\" class=\"ct-code-block\" ><\/div><div id=\"div_block-3-18\" class=\"ct-div-block\" ><h1 id=\"headline-5-18\" class=\"ct-headline\">Baltic Seaside<\/h1><div id=\"text_block-6-18\" class=\"ct-text-block\" >APARTMENTS &amp; HOUSES<\/div><div id=\"div_block-635-18\" class=\"ct-div-block\" ><\/div><div id=\"text_block-8-18\" class=\"ct-text-block\" >Komfortables Entspannen in einer reizvollen Region der Ostsee.\nBei uns finden Sie alles, was Sie f\u00fcr einen gelungenen Aufenthalt ben\u00f6tigen.\n\n<\/div><\/div><\/div><\/section><section id=\"o-nas\" class=\"ct-section\" ><div class=\"ct-section-inner-wrap\"><div id=\"div_block-649-18\" class=\"ct-div-block\" ><div id=\"div_block-637-18\" class=\"ct-div-block\" ><img decoding=\"async\"  id=\"image-638-18\" alt=\"\" src=\"https:\/\/balticseaside.com\/wp-content\/uploads\/2020\/11\/z1.jpg\" class=\"ct-image cover-image\"\/><div id=\"div_block-639-18\" class=\"ct-div-block\" ><div id=\"text_block-640-18\" class=\"ct-text-block\" >IM ERDGESCHOSS<\/div><h3 id=\"headline-642-18\" class=\"ct-headline section-heading\">Apartments<\/h3><div id=\"div_block-644-18\" class=\"ct-div-block\" ><\/div><div id=\"text_block-645-18\" class=\"ct-text-block\" >Unsere hochwertig ausgestatteten Apartments an der polnischen Ostsee warten bereits auf Ihren Besuch. Sie sehnen sich nach einem Ort, an dem Sie eine unvergessliche Zeit mit Ihren Liebsten verbringen m\u00f6chten? Ein Ort in dem Einzigartigkeit, Stil und Komfort dominieren? Baltic Seaside ist die Antwort auf Ihre Suche. Wenn Sie keine durchschnittlichen Hotelzimmer mehr m\u00f6chten und Wert auf Ruhe und komfortables Wohnen mit Ihrer Familie oder Ihren Freunden suchen - Baltic Seaside ist die beste L\u00f6sung f\u00fcr Sie.<\/div><a id=\"link_button-757-18\" class=\"ct-link-button secondary-btn\" href=\"https:\/\/balticseaside.com\/de\/apartamenty\/\"   >Erfahren Sie mehr<\/a><\/div><\/div><div id=\"div_block-650-18\" class=\"ct-div-block\" ><div id=\"div_block-652-18\" class=\"ct-div-block\" ><div id=\"text_block-653-18\" class=\"ct-text-block\" >BESUCHEN SIE UNSERE<\/div><h3 id=\"headline-654-18\" class=\"ct-headline section-heading\">Ferienh\u00e4user<\/h3><div id=\"div_block-655-18\" class=\"ct-div-block\" ><\/div><div id=\"text_block-656-18\" class=\"ct-text-block\" >Zapraszamy do wyj\u0105tkowego miejsca, kt\u00f3re zapewni cisz\u0119, spok\u00f3j, i niezale\u017cno\u015b\u0107. Komfortowe domki zlokalizowane w malowniczej i spokojnej okolicy <a id=\"span-778-18\" class=\"ct-link-text region-tooltip_trigger\" href=\"https:\/\/rewal.net.pl\/\" target=\"_blank\"  >Rewala<\/a> zapewni\u0105 idealny wypoczynek. Wybierz jeden z nich i sp\u0119d\u017a cudowny urlop z rodzin\u0105 nad morzem. Znakomite miejsce dla tych, co kochaj\u0105 pla\u017ce, natur\u0119 i relaks. Zarezerwuj idealny domek dla siebie!<\/div><a id=\"link_button-759-18\" class=\"ct-link-button secondary-btn\" href=\"https:\/\/balticseaside.com\/de\/domki\/\"   >Erfahren Sie mehr<\/a><\/div><img decoding=\"async\"  id=\"image-651-18\" alt=\"\" src=\"https:\/\/balticseaside.com\/wp-content\/uploads\/2020\/11\/Foto-03.08.17-18-01-58-1.jpg\" class=\"ct-image cover-image\"\/><\/div><\/div><div id=\"div_block-738-18\" class=\"ct-div-block\" ><div id=\"div_block-664-18\" class=\"ct-div-block\" ><\/div><\/div><\/div><\/section><section id=\"section-665-18\" class=\"ct-section\" ><div class=\"ct-section-inner-wrap\"><div id=\"div_block-800-18\" class=\"ct-div-block\" ><\/div><h3 id=\"headline-666-18\" class=\"ct-headline section-heading\">Lassen Sie sich unsere Spezialangebote nicht entgehen<\/h3><div id=\"div_block-695-18\" class=\"ct-div-block slick-slider\" ><div id=\"code_block-696-18\" class=\"ct-code-block\" ><script type='application\/json' class='slick-data'>\n{\n  slidesToShow: 3,\n  slidesToScroll: 1,\n  infinite:true,\n  autoplay:true,\n  arrows:false,\n  variableWidth: false,\n    responsive: [\n    {\n      breakpoint: 1120,\n      settings: {\n        slidesToShow: 2\n      }\n    },\n    {\n      breakpoint: 992,\n      settings: {\n        slidesToShow: 2\n      }\n    },\n    {\n      breakpoint: 768,\n      settings: {\n        slidesToShow: 1\n      }\n    },\n    {\n      breakpoint: 480,\n      settings: {\n        slidesToShow: 1\n      }\n    }\n  ]}\n<\/script><\/div><div id=\"div_block-697-18\" class=\"ct-div-block slider-arrow-left\" ><div id=\"fancy_icon-698-18\" class=\"ct-fancy-icon\" ><svg id=\"svg-fancy_icon-698-18\"><use xlink:href=\"#FontAwesomeicon-chevron-left\"><\/use><\/svg><\/div><\/div><div id=\"div_block-699-18\" class=\"ct-div-block slides\"  data-vue-nf-widget=\"\"><div id=\"_dynamic_list-667-18\" class=\"oxy-dynamic-list\"><div id=\"div_block-668-18-1\" class=\"ct-div-block\" data-id=\"div_block-668-18\"><a id=\"link-719-18-1\" class=\"ct-link\" href=\"https:\/\/balticseaside.com\/de\/pakiet\/weekend-dla-dwojga\" target=\"_self\" data-id=\"link-719-18\"><img decoding=\"async\" id=\"image-674-18-1\" alt=\"\" src=\"https:\/\/balticseaside.com\/wp-content\/uploads\/2020\/11\/couple-in-love-relaxing-and-enjoying-wellness-NXRUEJC-768x512.jpg\" class=\"ct-image cover-image\" data-id=\"image-674-18\"><div id=\"div_block-680-18-1\" class=\"ct-div-block\" data-id=\"div_block-680-18\"><div id=\"text_block-685-18-1\" class=\"ct-text-block\" data-id=\"text_block-685-18\"><span id=\"span-690-18\" class=\"ct-span\" >WEEKEND ZU ZWEIT<\/span><\/div><\/div><\/a><\/div><div id=\"div_block-668-18-2\" class=\"ct-div-block\" data-id=\"div_block-668-18\"><a id=\"link-719-18-2\" class=\"ct-link\" href=\"https:\/\/balticseaside.com\/de\/pakiet\/wakacje-5-dni\" target=\"_self\" data-id=\"link-719-18\"><img decoding=\"async\" id=\"image-674-18-2\" alt=\"\" src=\"https:\/\/balticseaside.com\/wp-content\/uploads\/2020\/11\/family-on-summer-beach-vacation-run-out-of-sea-PFYTVUZ-768x512.jpg\" class=\"ct-image cover-image\" data-id=\"image-674-18\"><div id=\"div_block-680-18-2\" class=\"ct-div-block\" data-id=\"div_block-680-18\"><div id=\"text_block-685-18-2\" class=\"ct-text-block\" data-id=\"text_block-685-18\"><span id=\"span-690-18\" class=\"ct-span\" >5 TAGE KURZURLAUB<\/span><\/div><\/div><\/a><\/div><div id=\"div_block-668-18-3\" class=\"ct-div-block\" data-id=\"div_block-668-18\"><a id=\"link-719-18-3\" class=\"ct-link\" href=\"https:\/\/balticseaside.com\/de\/pakiet\/wielkanoc\" target=\"_self\" data-id=\"link-719-18\"><img decoding=\"async\" id=\"image-674-18-3\" alt=\"\" src=\"https:\/\/balticseaside.com\/wp-content\/uploads\/2020\/11\/easter-PXBVUVA-768x512.jpg\" class=\"ct-image cover-image\" data-id=\"image-674-18\"><div id=\"div_block-680-18-3\" class=\"ct-div-block\" data-id=\"div_block-680-18\"><div id=\"text_block-685-18-3\" class=\"ct-text-block\" data-id=\"text_block-685-18\"><span id=\"span-690-18\" class=\"ct-span\" >OSTERN<\/span><\/div><\/div><\/a><\/div>                    \n                                            \n                                        \n                    <\/div>\n<\/div><div id=\"div_block-701-18\" class=\"ct-div-block slider-arrow-right\" ><div id=\"fancy_icon-702-18\" class=\"ct-fancy-icon\" ><svg id=\"svg-fancy_icon-702-18\"><use xlink:href=\"#FontAwesomeicon-chevron-right\"><\/use><\/svg><\/div><\/div><div id=\"div_block-703-18\" class=\"ct-div-block slider-dots\" ><div id=\"fancy_icon-704-18\" class=\"ct-fancy-icon slider-active-dot\" ><svg id=\"svg-fancy_icon-704-18\"><use xlink:href=\"#FontAwesomeicon-circle\"><\/use><\/svg><\/div><div id=\"fancy_icon-705-18\" class=\"ct-fancy-icon slider-inactive-dot\" ><svg id=\"svg-fancy_icon-705-18\"><use xlink:href=\"#FontAwesomeicon-circle-o\"><\/use><\/svg><\/div><\/div><\/div><\/div><\/section><div id=\"code_block-823-18\" class=\"ct-code-block\" ><div class=\"region-tooltip\">\n  Wybrze\u017ce rewalskie: <a href=\"https:\/\/balticseaside.com\/de\/pobierowo\/\">Pobierowo<\/a>, <a href=\"https:\/\/balticseaside.com\/de\/pustkowo\/\">Pustkowo<\/a>, <a href=\"https:\/\/balticseaside.com\/de\/trzesacz\/\">Trz\u0119sacz<\/a>, <a href=\"https:\/\/balticseaside.com\/de\/rewal\/\">Rewal<\/a>, <a href=\"https:\/\/balticseaside.com\/de\/niechorze\/\">Niechorze<\/a>, <a href=\"https:\/\/balticseaside.com\/de\/pogorzelica\/\">Pogorzelica<\/a>.\n<\/div><\/div>","protected":false},"excerpt":{"rendered":"","protected":false},"author":1,"featured_media":0,"parent":0,"menu_order":0,"comment_status":"closed","ping_status":"closed","template":"","meta":{"footnotes":""},"class_list":["post-18","page","type-page","status-publish","hentry"],"yoast_head":"<!-- This site is optimized with the Yoast SEO plugin v23.3 - https:\/\/yoast.com\/wordpress\/plugins\/seo\/ -->\n<title>O nas - Baltic Seaside<\/title>\n<meta name=\"robots\" content=\"index, follow, max-snippet:-1, max-image-preview:large, max-video-preview:-1\" \/>\n<link rel=\"canonical\" href=\"https:\/\/balticseaside.com\/de\/\" \/>\n<meta property=\"og:locale\" content=\"de_DE\" \/>\n<meta property=\"og:type\" content=\"article\" \/>\n<meta property=\"og:title\" content=\"O nas - Baltic Seaside\" \/>\n<meta property=\"og:url\" content=\"https:\/\/balticseaside.com\/de\/\" \/>\n<meta property=\"og:site_name\" content=\"Baltic Seaside\" \/>\n<meta property=\"article:modified_time\" content=\"2023-01-11T08:19:22+00:00\" \/>\n<meta name=\"twitter:card\" content=\"summary_large_image\" \/>\n<script type=\"application\/ld+json\" class=\"yoast-schema-graph\">{\"@context\":\"https:\/\/schema.org\",\"@graph\":[{\"@type\":\"WebPage\",\"@id\":\"https:\/\/balticseaside.com\/\",\"url\":\"https:\/\/balticseaside.com\/\",\"name\":\"O nas - Baltic Seaside\",\"isPartOf\":{\"@id\":\"https:\/\/balticseaside.com\/#website\"},\"datePublished\":\"2020-06-10T07:19:28+00:00\",\"dateModified\":\"2023-01-11T08:19:22+00:00\",\"breadcrumb\":{\"@id\":\"https:\/\/balticseaside.com\/#breadcrumb\"},\"inLanguage\":\"de\",\"potentialAction\":[{\"@type\":\"ReadAction\",\"target\":[\"https:\/\/balticseaside.com\/\"]}]},{\"@type\":\"BreadcrumbList\",\"@id\":\"https:\/\/balticseaside.com\/#breadcrumb\",\"itemListElement\":[{\"@type\":\"ListItem\",\"position\":1,\"name\":\"Strona g\u0142\u00f3wna\",\"item\":\"https:\/\/balticseaside.com\/\"},{\"@type\":\"ListItem\",\"position\":2,\"name\":\"O nas\"}]},{\"@type\":\"WebSite\",\"@id\":\"https:\/\/balticseaside.com\/#website\",\"url\":\"https:\/\/balticseaside.com\/\",\"name\":\"Baltic Seaside\",\"description\":\"\",\"potentialAction\":[{\"@type\":\"SearchAction\",\"target\":{\"@type\":\"EntryPoint\",\"urlTemplate\":\"https:\/\/balticseaside.com\/?s={search_term_string}\"},\"query-input\":\"required name=search_term_string\"}],\"inLanguage\":\"de\"}]}<\/script>\n<!-- \/ Yoast SEO plugin. -->","yoast_head_json":{"title":"O nas - Baltic Seaside","robots":{"index":"index","follow":"follow","max-snippet":"max-snippet:-1","max-image-preview":"max-image-preview:large","max-video-preview":"max-video-preview:-1"},"canonical":"https:\/\/balticseaside.com\/de\/","og_locale":"de_DE","og_type":"article","og_title":"O nas - Baltic Seaside","og_url":"https:\/\/balticseaside.com\/de\/","og_site_name":"Baltic Seaside","article_modified_time":"2023-01-11T08:19:22+00:00","twitter_card":"summary_large_image","schema":{"@context":"https:\/\/schema.org","@graph":[{"@type":"WebPage","@id":"https:\/\/balticseaside.com\/","url":"https:\/\/balticseaside.com\/","name":"O nas - Baltic Seaside","isPartOf":{"@id":"https:\/\/balticseaside.com\/#website"},"datePublished":"2020-06-10T07:19:28+00:00","dateModified":"2023-01-11T08:19:22+00:00","breadcrumb":{"@id":"https:\/\/balticseaside.com\/#breadcrumb"},"inLanguage":"de","potentialAction":[{"@type":"ReadAction","target":["https:\/\/balticseaside.com\/"]}]},{"@type":"BreadcrumbList","@id":"https:\/\/balticseaside.com\/#breadcrumb","itemListElement":[{"@type":"ListItem","position":1,"name":"Strona g\u0142\u00f3wna","item":"https:\/\/balticseaside.com\/"},{"@type":"ListItem","position":2,"name":"O nas"}]},{"@type":"WebSite","@id":"https:\/\/balticseaside.com\/#website","url":"https:\/\/balticseaside.com\/","name":"Baltic Seaside","description":"","potentialAction":[{"@type":"SearchAction","target":{"@type":"EntryPoint","urlTemplate":"https:\/\/balticseaside.com\/?s={search_term_string}"},"query-input":"required name=search_term_string"}],"inLanguage":"de"}]}},"_links":{"self":[{"href":"https:\/\/balticseaside.com\/de\/wp-json\/wp\/v2\/pages\/18"}],"collection":[{"href":"https:\/\/balticseaside.com\/de\/wp-json\/wp\/v2\/pages"}],"about":[{"href":"https:\/\/balticseaside.com\/de\/wp-json\/wp\/v2\/types\/page"}],"author":[{"embeddable":true,"href":"https:\/\/balticseaside.com\/de\/wp-json\/wp\/v2\/users\/1"}],"replies":[{"embeddable":true,"href":"https:\/\/balticseaside.com\/de\/wp-json\/wp\/v2\/comments?post=18"}],"version-history":[{"count":66,"href":"https:\/\/balticseaside.com\/de\/wp-json\/wp\/v2\/pages\/18\/revisions"}],"predecessor-version":[{"id":799,"href":"https:\/\/balticseaside.com\/de\/wp-json\/wp\/v2\/pages\/18\/revisions\/799"}],"wp:attachment":[{"href":"https:\/\/balticseaside.com\/de\/wp-json\/wp\/v2\/media?parent=18"}],"curies":[{"name":"wp","href":"https:\/\/api.w.org\/{rel}","templated":true}]}}